{"id":5872,"date":"2023-04-27T20:38:08","date_gmt":"2023-04-27T23:38:08","guid":{"rendered":"https:\/\/ajuda.brx.bet.br\/outros\/"},"modified":"2024-04-14T20:19:51","modified_gmt":"2024-04-14T23:19:51","slug":"otros","status":"publish","type":"page","link":"https:\/\/ajuda.brx.bet.br\/es\/otros\/","title":{"rendered":"Otros"},"content":{"rendered":"\t\t<div data-elementor-type=\"wp-page\" data-elementor-id=\"5872\" class=\"elementor elementor-5872\" data-elementor-post-type=\"page\">\n\t\t\t\t<div class=\"elementor-element elementor-element-fec6ff1 e-flex e-con-boxed e-con e-parent\" data-id=\"fec6ff1\" data-element_type=\"container\" data-e-type=\"container\" data-settings=\"{&quot;background_background&quot;:&quot;classic&quot;}\">\n\t\t\t\t\t<div class=\"e-con-inner\">\n\t\t\t\t<div class=\"elementor-element elementor-element-bae0536 elementor-widget elementor-widget-breadcrumbs\" data-id=\"bae0536\" data-element_type=\"widget\" data-e-type=\"widget\" data-widget_type=\"breadcrumbs.default\">\n\t\t\t\t<div class=\"elementor-widget-container\">\n\t\t\t\t\t<p id=\"breadcrumbs\"><span><span><a href=\"https:\/\/ajuda.brx.bet.br\/es\/\">Central de ajuda<\/a><\/span><\/span><\/p>\t\t\t\t<\/div>\n\t\t\t\t<\/div>\n\t\t\t\t\t<\/div>\n\t\t\t\t<\/div>\n\t\t<div class=\"elementor-element elementor-element-1b725aea e-flex e-con-boxed e-con e-parent\" data-id=\"1b725aea\" data-element_type=\"container\" data-e-type=\"container\" data-settings=\"{&quot;background_background&quot;:&quot;classic&quot;}\">\n\t\t\t\t\t<div class=\"e-con-inner\">\n\t\t\t\t<div class=\"elementor-element elementor-element-64bf614a elementor-widget elementor-widget-heading\" data-id=\"64bf614a\" data-element_type=\"widget\" data-e-type=\"widget\" data-widget_type=\"heading.default\">\n\t\t\t\t<div class=\"elementor-widget-container\">\n\t\t\t\t\t<h2 class=\"elementor-heading-title elementor-size-default\">Otros<\/h2>\t\t\t\t<\/div>\n\t\t\t\t<\/div>\n\t\t\t\t<div class=\"elementor-element elementor-element-3b300909 elementor-widget elementor-widget-text-editor\" data-id=\"3b300909\" data-element_type=\"widget\" data-e-type=\"widget\" data-widget_type=\"text-editor.default\">\n\t\t\t\t<div class=\"elementor-widget-container\">\n\t\t\t\t\t\t\t\t\t<p>Descarga de la aplicaci\u00f3n, Juego responsable, T\u00e9rminos y condiciones, Protecci\u00f3n de datos, Soporte t\u00e9cnico, Procedimiento de quejas, Afiliados<\/p>\t\t\t\t\t\t\t\t<\/div>\n\t\t\t\t<\/div>\n\t\t\t\t\t<\/div>\n\t\t\t\t<\/div>\n\t\t<div class=\"elementor-element elementor-element-54baf069 e-flex e-con-boxed e-con e-parent\" data-id=\"54baf069\" data-element_type=\"container\" data-e-type=\"container\" data-settings=\"{&quot;background_background&quot;:&quot;classic&quot;}\">\n\t\t\t\t\t<div class=\"e-con-inner\">\n\t\t<div class=\"elementor-element elementor-element-4bb41f2f e-con-full e-flex e-con e-child\" data-id=\"4bb41f2f\" data-element_type=\"container\" data-e-type=\"container\" data-settings=\"{&quot;background_background&quot;:&quot;classic&quot;}\">\n\t\t\t\t<div class=\"elementor-element elementor-element-569c6a5e elementor-widget elementor-widget-heading\" data-id=\"569c6a5e\" data-element_type=\"widget\" data-e-type=\"widget\" data-widget_type=\"heading.default\">\n\t\t\t\t<div class=\"elementor-widget-container\">\n\t\t\t\t\t<h2 class=\"elementor-heading-title elementor-size-default\">M\u00f3vil<\/h2>\t\t\t\t<\/div>\n\t\t\t\t<\/div>\n\t\t\t\t<\/div>\n\t\t<div class=\"elementor-element elementor-element-7314a049 e-con-full e-flex e-con e-child\" data-id=\"7314a049\" data-element_type=\"container\" data-e-type=\"container\" data-settings=\"{&quot;background_background&quot;:&quot;classic&quot;}\">\n\t\t\t\t<div class=\"elementor-element elementor-element-37250dc8 elementor-widget elementor-widget-heading\" data-id=\"37250dc8\" data-element_type=\"widget\" data-e-type=\"widget\" data-widget_type=\"heading.default\">\n\t\t\t\t<div class=\"elementor-widget-container\">\n\t\t\t\t\t<h2 class=\"elementor-heading-title elementor-size-default\">Juego responsable<\/h2>\t\t\t\t<\/div>\n\t\t\t\t<\/div>\n\t\t\t\t<\/div>\n\t\t<div class=\"elementor-element elementor-element-1501ccc8 e-con-full e-flex e-con e-child\" data-id=\"1501ccc8\" data-element_type=\"container\" data-e-type=\"container\" data-settings=\"{&quot;background_background&quot;:&quot;classic&quot;}\">\n\t\t\t\t<div class=\"elementor-element elementor-element-2f5da23a elementor-widget elementor-widget-heading\" data-id=\"2f5da23a\" data-element_type=\"widget\" data-e-type=\"widget\" data-widget_type=\"heading.default\">\n\t\t\t\t<div class=\"elementor-widget-container\">\n\t\t\t\t\t<h2 class=\"elementor-heading-title elementor-size-default\">Seguridad<\/h2>\t\t\t\t<\/div>\n\t\t\t\t<\/div>\n\t\t\t\t<\/div>\n\t\t\t\t\t<\/div>\n\t\t\t\t<\/div>\n\t\t<div class=\"elementor-element elementor-element-62163580 e-flex e-con-boxed e-con e-parent\" data-id=\"62163580\" data-element_type=\"container\" data-e-type=\"container\" data-settings=\"{&quot;background_background&quot;:&quot;classic&quot;}\">\n\t\t\t\t\t<div class=\"e-con-inner\">\n\t\t<div class=\"elementor-element elementor-element-599a0c95 e-con-full e-flex e-con e-child\" data-id=\"599a0c95\" data-element_type=\"container\" data-e-type=\"container\" data-settings=\"{&quot;background_background&quot;:&quot;classic&quot;}\">\n\t\t\t\t<div class=\"elementor-element elementor-element-5508e4bf elementor-widget elementor-widget-heading\" data-id=\"5508e4bf\" data-element_type=\"widget\" data-e-type=\"widget\" data-widget_type=\"heading.default\">\n\t\t\t\t<div class=\"elementor-widget-container\">\n\t\t\t\t\t<h2 class=\"elementor-heading-title elementor-size-default\">Soporte t\u00e9cnico<\/h2>\t\t\t\t<\/div>\n\t\t\t\t<\/div>\n\t\t\t\t<\/div>\n\t\t<div class=\"elementor-element elementor-element-d47cc16 e-con-full e-flex e-con e-child\" data-id=\"d47cc16\" data-element_type=\"container\" data-e-type=\"container\" data-settings=\"{&quot;background_background&quot;:&quot;classic&quot;}\">\n\t\t\t\t<div class=\"elementor-element elementor-element-a386a8b elementor-widget elementor-widget-heading\" data-id=\"a386a8b\" data-element_type=\"widget\" data-e-type=\"widget\" data-widget_type=\"heading.default\">\n\t\t\t\t<div class=\"elementor-widget-container\">\n\t\t\t\t\t<h2 class=\"elementor-heading-title elementor-size-default\">Afiliados<\/h2>\t\t\t\t<\/div>\n\t\t\t\t<\/div>\n\t\t\t\t<\/div>\n\t\t<div class=\"elementor-element elementor-element-1054b287 e-con-full e-flex e-con e-child\" data-id=\"1054b287\" data-element_type=\"container\" data-e-type=\"container\" data-settings=\"{&quot;background_background&quot;:&quot;classic&quot;}\">\n\t\t\t\t<div class=\"elementor-element elementor-element-7e94f581 elementor-widget elementor-widget-heading\" data-id=\"7e94f581\" data-element_type=\"widget\" data-e-type=\"widget\" data-widget_type=\"heading.default\">\n\t\t\t\t<div class=\"elementor-widget-container\">\n\t\t\t\t\t<h2 class=\"elementor-heading-title elementor-size-default\">T\u00e9rminos y condiciones<\/h2>\t\t\t\t<\/div>\n\t\t\t\t<\/div>\n\t\t\t\t<\/div>\n\t\t\t\t\t<\/div>\n\t\t\t\t<\/div>\n\t\t\t\t<\/div>\n\t\t","protected":false},"excerpt":{"rendered":"<p>Otros Descarga de la aplicaci\u00f3n, Juego responsable, T\u00e9rminos y condiciones, Protecci\u00f3n de datos, Soporte t\u00e9cnico, Procedimiento de quejas, Afiliados M\u00f3vil Juego responsable Seguridad Soporte t\u00e9cnico Afiliados T\u00e9rminos y condiciones<\/p>\n","protected":false},"author":2,"featured_media":0,"parent":0,"menu_order":0,"comment_status":"closed","ping_status":"closed","template":"","meta":{"inline_featured_image":false,"footnotes":""},"class_list":["post-5872","page","type-page","status-publish","hentry"],"yoast_head":"<!-- This site is optimized with the Yoast SEO plugin v27.4 - https:\/\/yoast.com\/product\/yoast-seo-wordpress\/ -->\n<title>Otros - Central de ajuda - BrxBet<\/title>\n<meta name=\"robots\" content=\"index, follow, max-snippet:-1, max-image-preview:large, max-video-preview:-1\" \/>\n<link rel=\"canonical\" href=\"https:\/\/ajuda.brx.bet.br\/es\/otros\/\" \/>\n<meta property=\"og:locale\" content=\"es_ES\" \/>\n<meta property=\"og:type\" content=\"article\" \/>\n<meta property=\"og:title\" content=\"Otros - Central de ajuda - BrxBet\" \/>\n<meta property=\"og:description\" content=\"Otros Descarga de la aplicaci\u00f3n, Juego responsable, T\u00e9rminos y condiciones, Protecci\u00f3n de datos, Soporte t\u00e9cnico, Procedimiento de quejas, Afiliados M\u00f3vil Juego responsable Seguridad Soporte t\u00e9cnico Afiliados T\u00e9rminos y condiciones\" \/>\n<meta property=\"og:url\" content=\"https:\/\/ajuda.brx.bet.br\/es\/otros\/\" \/>\n<meta property=\"og:site_name\" content=\"Central de ajuda - BrxBet\" \/>\n<meta property=\"article:modified_time\" content=\"2024-04-14T23:19:51+00:00\" \/>\n<meta name=\"twitter:card\" content=\"summary_large_image\" \/>\n<meta name=\"twitter:label1\" content=\"Tiempo de lectura\" \/>\n\t<meta name=\"twitter:data1\" content=\"1 minuto\" \/>\n<script type=\"application\/ld+json\" class=\"yoast-schema-graph\">{\"@context\":\"https:\\\/\\\/schema.org\",\"@graph\":[{\"@type\":\"WebPage\",\"@id\":\"https:\\\/\\\/ajuda.brx.bet.br\\\/es\\\/otros\\\/\",\"url\":\"https:\\\/\\\/ajuda.brx.bet.br\\\/es\\\/otros\\\/\",\"name\":\"Otros - Central de ajuda - BrxBet\",\"isPartOf\":{\"@id\":\"https:\\\/\\\/ajuda.brx.bet.br\\\/#website\"},\"datePublished\":\"2023-04-27T23:38:08+00:00\",\"dateModified\":\"2024-04-14T23:19:51+00:00\",\"breadcrumb\":{\"@id\":\"https:\\\/\\\/ajuda.brx.bet.br\\\/es\\\/otros\\\/#breadcrumb\"},\"inLanguage\":\"es\",\"potentialAction\":[{\"@type\":\"ReadAction\",\"target\":[\"https:\\\/\\\/ajuda.brx.bet.br\\\/es\\\/otros\\\/\"]}]},{\"@type\":\"BreadcrumbList\",\"@id\":\"https:\\\/\\\/ajuda.brx.bet.br\\\/es\\\/otros\\\/#breadcrumb\",\"itemListElement\":[{\"@type\":\"ListItem\",\"position\":1,\"name\":\"Central de ajuda\",\"item\":\"https:\\\/\\\/ajuda.brx.bet.br\\\/es\\\/\"},{\"@type\":\"ListItem\",\"position\":2,\"name\":\"Otros\"}]},{\"@type\":\"WebSite\",\"@id\":\"https:\\\/\\\/ajuda.brx.bet.br\\\/#website\",\"url\":\"https:\\\/\\\/ajuda.brx.bet.br\\\/\",\"name\":\"Central de ajuda - BrxBet\",\"description\":\"Central de ajuda da plataforma BrxBet\",\"publisher\":{\"@id\":\"https:\\\/\\\/ajuda.brx.bet.br\\\/#organization\"},\"potentialAction\":[{\"@type\":\"SearchAction\",\"target\":{\"@type\":\"EntryPoint\",\"urlTemplate\":\"https:\\\/\\\/ajuda.brx.bet.br\\\/?s={search_term_string}\"},\"query-input\":{\"@type\":\"PropertyValueSpecification\",\"valueRequired\":true,\"valueName\":\"search_term_string\"}}],\"inLanguage\":\"es\"},{\"@type\":\"Organization\",\"@id\":\"https:\\\/\\\/ajuda.brx.bet.br\\\/#organization\",\"name\":\"Central de ajuda - BrxBet\",\"url\":\"https:\\\/\\\/ajuda.brx.bet.br\\\/\",\"logo\":{\"@type\":\"ImageObject\",\"inLanguage\":\"es\",\"@id\":\"https:\\\/\\\/ajuda.brx.bet.br\\\/#\\\/schema\\\/logo\\\/image\\\/\",\"url\":\"https:\\\/\\\/ajuda.brx.bet.br\\\/wp-content\\\/uploads\\\/2024\\\/04\\\/logo-bet7k.svg\",\"contentUrl\":\"https:\\\/\\\/ajuda.brx.bet.br\\\/wp-content\\\/uploads\\\/2024\\\/04\\\/logo-bet7k.svg\",\"width\":988,\"height\":180,\"caption\":\"Central de ajuda - BrxBet\"},\"image\":{\"@id\":\"https:\\\/\\\/ajuda.brx.bet.br\\\/#\\\/schema\\\/logo\\\/image\\\/\"}}]}<\/script>\n<!-- \/ Yoast SEO plugin. -->","yoast_head_json":{"title":"Otros - Central de ajuda - BrxBet","robots":{"index":"index","follow":"follow","max-snippet":"max-snippet:-1","max-image-preview":"max-image-preview:large","max-video-preview":"max-video-preview:-1"},"canonical":"https:\/\/ajuda.brx.bet.br\/es\/otros\/","og_locale":"es_ES","og_type":"article","og_title":"Otros - Central de ajuda - BrxBet","og_description":"Otros Descarga de la aplicaci\u00f3n, Juego responsable, T\u00e9rminos y condiciones, Protecci\u00f3n de datos, Soporte t\u00e9cnico, Procedimiento de quejas, Afiliados M\u00f3vil Juego responsable Seguridad Soporte t\u00e9cnico Afiliados T\u00e9rminos y condiciones","og_url":"https:\/\/ajuda.brx.bet.br\/es\/otros\/","og_site_name":"Central de ajuda - BrxBet","article_modified_time":"2024-04-14T23:19:51+00:00","twitter_card":"summary_large_image","twitter_misc":{"Tiempo de lectura":"1 minuto"},"schema":{"@context":"https:\/\/schema.org","@graph":[{"@type":"WebPage","@id":"https:\/\/ajuda.brx.bet.br\/es\/otros\/","url":"https:\/\/ajuda.brx.bet.br\/es\/otros\/","name":"Otros - Central de ajuda - BrxBet","isPartOf":{"@id":"https:\/\/ajuda.brx.bet.br\/#website"},"datePublished":"2023-04-27T23:38:08+00:00","dateModified":"2024-04-14T23:19:51+00:00","breadcrumb":{"@id":"https:\/\/ajuda.brx.bet.br\/es\/otros\/#breadcrumb"},"inLanguage":"es","potentialAction":[{"@type":"ReadAction","target":["https:\/\/ajuda.brx.bet.br\/es\/otros\/"]}]},{"@type":"BreadcrumbList","@id":"https:\/\/ajuda.brx.bet.br\/es\/otros\/#breadcrumb","itemListElement":[{"@type":"ListItem","position":1,"name":"Central de ajuda","item":"https:\/\/ajuda.brx.bet.br\/es\/"},{"@type":"ListItem","position":2,"name":"Otros"}]},{"@type":"WebSite","@id":"https:\/\/ajuda.brx.bet.br\/#website","url":"https:\/\/ajuda.brx.bet.br\/","name":"Central de ajuda - BrxBet","description":"Central de ajuda da plataforma BrxBet","publisher":{"@id":"https:\/\/ajuda.brx.bet.br\/#organization"},"potentialAction":[{"@type":"SearchAction","target":{"@type":"EntryPoint","urlTemplate":"https:\/\/ajuda.brx.bet.br\/?s={search_term_string}"},"query-input":{"@type":"PropertyValueSpecification","valueRequired":true,"valueName":"search_term_string"}}],"inLanguage":"es"},{"@type":"Organization","@id":"https:\/\/ajuda.brx.bet.br\/#organization","name":"Central de ajuda - BrxBet","url":"https:\/\/ajuda.brx.bet.br\/","logo":{"@type":"ImageObject","inLanguage":"es","@id":"https:\/\/ajuda.brx.bet.br\/#\/schema\/logo\/image\/","url":"https:\/\/ajuda.brx.bet.br\/wp-content\/uploads\/2024\/04\/logo-bet7k.svg","contentUrl":"https:\/\/ajuda.brx.bet.br\/wp-content\/uploads\/2024\/04\/logo-bet7k.svg","width":988,"height":180,"caption":"Central de ajuda - BrxBet"},"image":{"@id":"https:\/\/ajuda.brx.bet.br\/#\/schema\/logo\/image\/"}}]}},"jetpack_shortlink":"https:\/\/wp.me\/Pggz9d-1wI","_links":{"self":[{"href":"https:\/\/ajuda.brx.bet.br\/es\/wp-json\/wp\/v2\/pages\/5872","targetHints":{"allow":["GET"]}}],"collection":[{"href":"https:\/\/ajuda.brx.bet.br\/es\/wp-json\/wp\/v2\/pages"}],"about":[{"href":"https:\/\/ajuda.brx.bet.br\/es\/wp-json\/wp\/v2\/types\/page"}],"author":[{"embeddable":true,"href":"https:\/\/ajuda.brx.bet.br\/es\/wp-json\/wp\/v2\/users\/2"}],"replies":[{"embeddable":true,"href":"https:\/\/ajuda.brx.bet.br\/es\/wp-json\/wp\/v2\/comments?post=5872"}],"version-history":[{"count":0,"href":"https:\/\/ajuda.brx.bet.br\/es\/wp-json\/wp\/v2\/pages\/5872\/revisions"}],"wp:attachment":[{"href":"https:\/\/ajuda.brx.bet.br\/es\/wp-json\/wp\/v2\/media?parent=5872"}],"curies":[{"name":"wp","href":"https:\/\/api.w.org\/{rel}","templated":true}]}}