{"id":5871,"date":"2023-04-27T20:11:01","date_gmt":"2023-04-27T23:11:01","guid":{"rendered":"https:\/\/ajuda.brx.bet.br\/player-account\/"},"modified":"2024-04-14T20:15:22","modified_gmt":"2024-04-14T23:15:22","slug":"cuenta-de-jugador","status":"publish","type":"page","link":"https:\/\/ajuda.brx.bet.br\/es\/cuenta-de-jugador\/","title":{"rendered":"Cuenta de jugador"},"content":{"rendered":"\t\t<div data-elementor-type=\"wp-page\" data-elementor-id=\"5871\" class=\"elementor elementor-5871\" data-elementor-post-type=\"page\">\n\t\t\t\t<div class=\"elementor-element elementor-element-87c01aa e-flex e-con-boxed e-con e-parent\" data-id=\"87c01aa\" data-element_type=\"container\" data-e-type=\"container\" data-settings=\"{&quot;background_background&quot;:&quot;classic&quot;}\">\n\t\t\t\t\t<div class=\"e-con-inner\">\n\t\t\t\t<div class=\"elementor-element elementor-element-2cca1e9 elementor-widget elementor-widget-breadcrumbs\" data-id=\"2cca1e9\" data-element_type=\"widget\" data-e-type=\"widget\" data-widget_type=\"breadcrumbs.default\">\n\t\t\t\t<div class=\"elementor-widget-container\">\n\t\t\t\t\t<p id=\"breadcrumbs\"><span><span><a href=\"https:\/\/ajuda.brx.bet.br\/es\/\">Central de ajuda<\/a><\/span><\/span><\/p>\t\t\t\t<\/div>\n\t\t\t\t<\/div>\n\t\t\t\t\t<\/div>\n\t\t\t\t<\/div>\n\t\t<div class=\"elementor-element elementor-element-9b405b0 e-flex e-con-boxed e-con e-parent\" data-id=\"9b405b0\" data-element_type=\"container\" data-e-type=\"container\" data-settings=\"{&quot;background_background&quot;:&quot;classic&quot;}\">\n\t\t\t\t\t<div class=\"e-con-inner\">\n\t\t\t\t<div class=\"elementor-element elementor-element-239fc445 elementor-widget elementor-widget-heading\" data-id=\"239fc445\" data-element_type=\"widget\" data-e-type=\"widget\" data-widget_type=\"heading.default\">\n\t\t\t\t<div class=\"elementor-widget-container\">\n\t\t\t\t\t<h2 class=\"elementor-heading-title elementor-size-default\">Cuenta del jugador<\/h2>\t\t\t\t<\/div>\n\t\t\t\t<\/div>\n\t\t\t\t<div class=\"elementor-element elementor-element-2bf1ed07 elementor-widget elementor-widget-text-editor\" data-id=\"2bf1ed07\" data-element_type=\"widget\" data-e-type=\"widget\" data-widget_type=\"text-editor.default\">\n\t\t\t\t<div class=\"elementor-widget-container\">\n\t\t\t\t\t\t\t\t\t<p>Registro, Activaci\u00f3n de la cuenta, Problemas para iniciar sesi\u00f3n, Detalles de la cuenta<\/p>\t\t\t\t\t\t\t\t<\/div>\n\t\t\t\t<\/div>\n\t\t\t\t\t<\/div>\n\t\t\t\t<\/div>\n\t\t<div class=\"elementor-element elementor-element-edca180 e-flex e-con-boxed e-con e-parent\" data-id=\"edca180\" data-element_type=\"container\" data-e-type=\"container\" data-settings=\"{&quot;background_background&quot;:&quot;classic&quot;}\">\n\t\t\t\t\t<div class=\"e-con-inner\">\n\t\t<div class=\"elementor-element elementor-element-6d2aa77b e-con-full e-flex e-con e-child\" data-id=\"6d2aa77b\" data-element_type=\"container\" data-e-type=\"container\" data-settings=\"{&quot;background_background&quot;:&quot;classic&quot;}\">\n\t\t\t\t<div class=\"elementor-element elementor-element-136a5bf1 elementor-widget elementor-widget-heading\" data-id=\"136a5bf1\" data-element_type=\"widget\" data-e-type=\"widget\" data-widget_type=\"heading.default\">\n\t\t\t\t<div class=\"elementor-widget-container\">\n\t\t\t\t\t<h2 class=\"elementor-heading-title elementor-size-default\">Registro<\/h2>\t\t\t\t<\/div>\n\t\t\t\t<\/div>\n\t\t\t\t<div class=\"elementor-element elementor-element-3b1622f9 elementor-grid-1 elementor-grid-tablet-2 elementor-grid-mobile-1 elementor-posts--thumbnail-top load-more-align-center elementor-widget elementor-widget-posts\" data-id=\"3b1622f9\" data-element_type=\"widget\" data-e-type=\"widget\" data-settings=\"{&quot;classic_columns&quot;:&quot;1&quot;,&quot;classic_row_gap&quot;:{&quot;unit&quot;:&quot;px&quot;,&quot;size&quot;:20,&quot;sizes&quot;:[]},&quot;pagination_type&quot;:&quot;load_more_on_click&quot;,&quot;classic_columns_tablet&quot;:&quot;2&quot;,&quot;classic_columns_mobile&quot;:&quot;1&quot;,&quot;classic_row_gap_tablet&quot;:{&quot;unit&quot;:&quot;px&quot;,&quot;size&quot;:&quot;&quot;,&quot;sizes&quot;:[]},&quot;classic_row_gap_mobile&quot;:{&quot;unit&quot;:&quot;px&quot;,&quot;size&quot;:&quot;&quot;,&quot;sizes&quot;:[]},&quot;load_more_spinner&quot;:{&quot;value&quot;:&quot;fas fa-spinner&quot;,&quot;library&quot;:&quot;fa-solid&quot;}}\" data-widget_type=\"posts.classic\">\n\t\t\t\t<div class=\"elementor-widget-container\">\n\t\t\t\t\t\t\t<div class=\"elementor-posts-container elementor-posts elementor-posts--skin-classic elementor-grid\">\n\t\t\t\t<article class=\"elementor-post elementor-grid-item post-7711 post type-post status-publish format-standard hentry category-informacion_general-_cuenta_del_jugador\">\n\t\t\t\t<div class=\"elementor-post__text\">\n\t\t\t\t<h3 class=\"elementor-post__title\">\n\t\t\t<a href=\"https:\/\/ajuda.brx.bet.br\/es\/puedo-usar-la-misma-cuenta-en-diferentes-dispositivos\/\" >\n\t\t\t\t\u00bfPuedo usar la misma cuenta en diferentes dispositivos?\t\t\t<\/a>\n\t\t<\/h3>\n\t\t\t\t<\/div>\n\t\t\t\t<\/article>\n\t\t\t\t<article class=\"elementor-post elementor-grid-item post-7699 post type-post status-publish format-standard hentry category-informacion_general-_cuenta_del_jugador category-movil\">\n\t\t\t\t<div class=\"elementor-post__text\">\n\t\t\t\t<h3 class=\"elementor-post__title\">\n\t\t\t<a href=\"https:\/\/ajuda.brx.bet.br\/es\/como-cambiar-el-idioma-en-la-plataforma\/\" >\n\t\t\t\t\u00bfC\u00f3mo Cambiar el Idioma en la Plataforma?\t\t\t<\/a>\n\t\t<\/h3>\n\t\t\t\t<\/div>\n\t\t\t\t<\/article>\n\t\t\t\t<article class=\"elementor-post elementor-grid-item post-7676 post type-post status-publish format-standard hentry category-informacion_general-_cuenta_del_jugador category-soporte_tecnico\">\n\t\t\t\t<div class=\"elementor-post__text\">\n\t\t\t\t<h3 class=\"elementor-post__title\">\n\t\t\t<a href=\"https:\/\/ajuda.brx.bet.br\/es\/donde-puedo-encontrar-el-id-de-mi-cuenta-en-la-plataforma\/\" >\n\t\t\t\t\u00bfD\u00f3nde puedo encontrar el ID de mi cuenta en la plataforma?\t\t\t<\/a>\n\t\t<\/h3>\n\t\t\t\t<\/div>\n\t\t\t\t<\/article>\n\t\t\t\t<article class=\"elementor-post elementor-grid-item post-6967 post type-post status-publish format-standard hentry category-informacion_general-_cuenta_del_jugador\">\n\t\t\t\t<div class=\"elementor-post__text\">\n\t\t\t\t<h3 class=\"elementor-post__title\">\n\t\t\t<a href=\"https:\/\/ajuda.brx.bet.br\/es\/como-ingresar-a-mi-cuenta\/\" >\n\t\t\t\t\u00bfC\u00f3mo inicio sesi\u00f3n en mi cuenta?\t\t\t<\/a>\n\t\t<\/h3>\n\t\t\t\t<\/div>\n\t\t\t\t<\/article>\n\t\t\t\t<article class=\"elementor-post elementor-grid-item post-6975 post type-post status-publish format-standard hentry category-informacion_general-_cuenta_del_jugador\">\n\t\t\t\t<div class=\"elementor-post__text\">\n\t\t\t\t<h3 class=\"elementor-post__title\">\n\t\t\t<a href=\"https:\/\/ajuda.brx.bet.br\/es\/como-verificar-mi-historial-de-transacciones\/\" >\n\t\t\t\t\u00bfC\u00f3mo reviso mi historial de transacciones?\t\t\t<\/a>\n\t\t<\/h3>\n\t\t\t\t<\/div>\n\t\t\t\t<\/article>\n\t\t\t\t<\/div>\n\t\t\t\t\t<span class=\"e-load-more-spinner\">\n\t\t\t\t<i aria-hidden=\"true\" class=\"fas fa-spinner\"><\/i>\t\t\t<\/span>\n\t\t\n\t\t\t\t<div class=\"e-load-more-anchor\" data-page=\"1\" data-max-page=\"2\" data-next-page=\"https:\/\/ajuda.brx.bet.br\/es\/wp-json\/wp\/v2\/pages\/5871\/page\/2\/\"><\/div>\n\t\t\t\t<div class=\"elementor-button-wrapper\">\n\t\t\t<a href=\"#\" class=\"elementor-button-link elementor-button\" role=\"button\">\n\t\t\t\t\t\t<span class=\"elementor-button-content-wrapper\">\n\t\t\t\t\t\t\t\t\t<span class=\"elementor-button-text\">Carregar Mais<\/span>\n\t\t\t\t\t<\/span>\n\t\t\t\t\t<\/a>\n\t\t<\/div>\n\t\t\t\t<div class=\"e-load-more-message\"><\/div>\n\t\t\t\t\t\t<\/div>\n\t\t\t\t<\/div>\n\t\t\t\t<\/div>\n\t\t<div class=\"elementor-element elementor-element-22b4e563 e-con-full e-flex e-con e-child\" data-id=\"22b4e563\" data-element_type=\"container\" data-e-type=\"container\" data-settings=\"{&quot;background_background&quot;:&quot;classic&quot;}\">\n\t\t\t\t<div class=\"elementor-element elementor-element-13488cda elementor-widget elementor-widget-heading\" data-id=\"13488cda\" data-element_type=\"widget\" data-e-type=\"widget\" data-widget_type=\"heading.default\">\n\t\t\t\t<div class=\"elementor-widget-container\">\n\t\t\t\t\t<h2 class=\"elementor-heading-title elementor-size-default\">Problemas para iniciar sesi\u00f3n<\/h2>\t\t\t\t<\/div>\n\t\t\t\t<\/div>\n\t\t\t\t<div class=\"elementor-element elementor-element-7fc7dde3 elementor-grid-1 elementor-grid-tablet-2 elementor-grid-mobile-1 elementor-posts--thumbnail-top load-more-align-center elementor-widget elementor-widget-posts\" data-id=\"7fc7dde3\" data-element_type=\"widget\" data-e-type=\"widget\" data-settings=\"{&quot;classic_columns&quot;:&quot;1&quot;,&quot;classic_row_gap&quot;:{&quot;unit&quot;:&quot;px&quot;,&quot;size&quot;:20,&quot;sizes&quot;:[]},&quot;pagination_type&quot;:&quot;load_more_on_click&quot;,&quot;classic_columns_tablet&quot;:&quot;2&quot;,&quot;classic_columns_mobile&quot;:&quot;1&quot;,&quot;classic_row_gap_tablet&quot;:{&quot;unit&quot;:&quot;px&quot;,&quot;size&quot;:&quot;&quot;,&quot;sizes&quot;:[]},&quot;classic_row_gap_mobile&quot;:{&quot;unit&quot;:&quot;px&quot;,&quot;size&quot;:&quot;&quot;,&quot;sizes&quot;:[]},&quot;load_more_spinner&quot;:{&quot;value&quot;:&quot;fas fa-spinner&quot;,&quot;library&quot;:&quot;fa-solid&quot;}}\" data-widget_type=\"posts.classic\">\n\t\t\t\t<div class=\"elementor-widget-container\">\n\t\t\t\t\t\t\t<div class=\"elementor-posts-container elementor-posts elementor-posts--skin-classic elementor-grid\">\n\t\t\t\t<article class=\"elementor-post elementor-grid-item post-6964 post type-post status-publish format-standard hentry category-informacion_general_deposito category-problemas_para_iniciar_sesion\">\n\t\t\t\t<div class=\"elementor-post__text\">\n\t\t\t\t<h3 class=\"elementor-post__title\">\n\t\t\t<a href=\"https:\/\/ajuda.brx.bet.br\/es\/olvide-mi-contrasena-que-hago-hago\/\" >\n\t\t\t\tOlvid\u00e9 mi contrase\u00f1a, \u00bfqu\u00e9 hago?\t\t\t<\/a>\n\t\t<\/h3>\n\t\t\t\t<\/div>\n\t\t\t\t<\/article>\n\t\t\t\t<article class=\"elementor-post elementor-grid-item post-6970 post type-post status-publish format-standard hentry category-informacion_general_deposito category-problemas_para_iniciar_sesion\">\n\t\t\t\t<div class=\"elementor-post__text\">\n\t\t\t\t<h3 class=\"elementor-post__title\">\n\t\t\t<a href=\"https:\/\/ajuda.brx.bet.br\/es\/cambie-mi-contrasena-pero-todavia-no-puedo-iniciar-sesion-para-apostar7k-que-debo-hacer\/\" >\n\t\t\t\tCambi\u00e9 la contrase\u00f1a, pero todav\u00eda no puedo acceder a la cuenta.\t\t\t<\/a>\n\t\t<\/h3>\n\t\t\t\t<\/div>\n\t\t\t\t<\/article>\n\t\t\t\t<article class=\"elementor-post elementor-grid-item post-6972 post type-post status-publish format-standard hentry category-informacion_general_deposito category-problemas_para_iniciar_sesion\">\n\t\t\t\t<div class=\"elementor-post__text\">\n\t\t\t\t<h3 class=\"elementor-post__title\">\n\t\t\t<a href=\"https:\/\/ajuda.brx.bet.br\/es\/tengo-dificultades-para-acceder-a-mi-cuenta-bet7k-que-debo-hacer\/\" >\n\t\t\t\tTengo dificultades para acceder a mi cuenta. \u00bfQu\u00e9 debo hacer?\t\t\t<\/a>\n\t\t<\/h3>\n\t\t\t\t<\/div>\n\t\t\t\t<\/article>\n\t\t\t\t<\/div>\n\t\t\t\t\t<span class=\"e-load-more-spinner\">\n\t\t\t\t<i aria-hidden=\"true\" class=\"fas fa-spinner\"><\/i>\t\t\t<\/span>\n\t\t\n\t\t\t\t\t\t<\/div>\n\t\t\t\t<\/div>\n\t\t\t\t<\/div>\n\t\t\t\t\t<\/div>\n\t\t\t\t<\/div>\n\t\t\t\t<\/div>\n\t\t","protected":false},"excerpt":{"rendered":"<p>Cuenta del jugador Registro, Activaci\u00f3n de la cuenta, Problemas para iniciar sesi\u00f3n, Detalles de la cuenta Registro Problemas para iniciar sesi\u00f3n<\/p>\n","protected":false},"author":2,"featured_media":0,"parent":0,"menu_order":0,"comment_status":"closed","ping_status":"closed","template":"","meta":{"inline_featured_image":false,"footnotes":""},"class_list":["post-5871","page","type-page","status-publish","hentry"],"yoast_head":"<!-- This site is optimized with the Yoast SEO plugin v27.4 - https:\/\/yoast.com\/product\/yoast-seo-wordpress\/ -->\n<title>Cuenta de jugador - Central de ajuda - BrxBet<\/title>\n<meta name=\"robots\" content=\"index, follow, max-snippet:-1, max-image-preview:large, max-video-preview:-1\" \/>\n<link rel=\"canonical\" href=\"https:\/\/ajuda.brx.bet.br\/es\/cuenta-de-jugador\/\" \/>\n<meta property=\"og:locale\" content=\"es_ES\" \/>\n<meta property=\"og:type\" content=\"article\" \/>\n<meta property=\"og:title\" content=\"Cuenta de jugador - Central de ajuda - BrxBet\" \/>\n<meta property=\"og:description\" content=\"Cuenta del jugador Registro, Activaci\u00f3n de la cuenta, Problemas para iniciar sesi\u00f3n, Detalles de la cuenta Registro Problemas para iniciar sesi\u00f3n\" \/>\n<meta property=\"og:url\" content=\"https:\/\/ajuda.brx.bet.br\/es\/cuenta-de-jugador\/\" \/>\n<meta property=\"og:site_name\" content=\"Central de ajuda - BrxBet\" \/>\n<meta property=\"article:modified_time\" content=\"2024-04-14T23:15:22+00:00\" \/>\n<meta name=\"twitter:card\" content=\"summary_large_image\" \/>\n<meta name=\"twitter:label1\" content=\"Tiempo de lectura\" \/>\n\t<meta name=\"twitter:data1\" content=\"1 minuto\" \/>\n<script type=\"application\/ld+json\" class=\"yoast-schema-graph\">{\"@context\":\"https:\\\/\\\/schema.org\",\"@graph\":[{\"@type\":\"WebPage\",\"@id\":\"https:\\\/\\\/ajuda.brx.bet.br\\\/es\\\/cuenta-de-jugador\\\/\",\"url\":\"https:\\\/\\\/ajuda.brx.bet.br\\\/es\\\/cuenta-de-jugador\\\/\",\"name\":\"Cuenta de jugador - Central de ajuda - BrxBet\",\"isPartOf\":{\"@id\":\"https:\\\/\\\/ajuda.brx.bet.br\\\/#website\"},\"datePublished\":\"2023-04-27T23:11:01+00:00\",\"dateModified\":\"2024-04-14T23:15:22+00:00\",\"breadcrumb\":{\"@id\":\"https:\\\/\\\/ajuda.brx.bet.br\\\/es\\\/cuenta-de-jugador\\\/#breadcrumb\"},\"inLanguage\":\"es\",\"potentialAction\":[{\"@type\":\"ReadAction\",\"target\":[\"https:\\\/\\\/ajuda.brx.bet.br\\\/es\\\/cuenta-de-jugador\\\/\"]}]},{\"@type\":\"BreadcrumbList\",\"@id\":\"https:\\\/\\\/ajuda.brx.bet.br\\\/es\\\/cuenta-de-jugador\\\/#breadcrumb\",\"itemListElement\":[{\"@type\":\"ListItem\",\"position\":1,\"name\":\"Central de ajuda\",\"item\":\"https:\\\/\\\/ajuda.brx.bet.br\\\/es\\\/\"},{\"@type\":\"ListItem\",\"position\":2,\"name\":\"Cuenta de jugador\"}]},{\"@type\":\"WebSite\",\"@id\":\"https:\\\/\\\/ajuda.brx.bet.br\\\/#website\",\"url\":\"https:\\\/\\\/ajuda.brx.bet.br\\\/\",\"name\":\"Central de ajuda - BrxBet\",\"description\":\"Central de ajuda da plataforma BrxBet\",\"publisher\":{\"@id\":\"https:\\\/\\\/ajuda.brx.bet.br\\\/#organization\"},\"potentialAction\":[{\"@type\":\"SearchAction\",\"target\":{\"@type\":\"EntryPoint\",\"urlTemplate\":\"https:\\\/\\\/ajuda.brx.bet.br\\\/?s={search_term_string}\"},\"query-input\":{\"@type\":\"PropertyValueSpecification\",\"valueRequired\":true,\"valueName\":\"search_term_string\"}}],\"inLanguage\":\"es\"},{\"@type\":\"Organization\",\"@id\":\"https:\\\/\\\/ajuda.brx.bet.br\\\/#organization\",\"name\":\"Central de ajuda - BrxBet\",\"url\":\"https:\\\/\\\/ajuda.brx.bet.br\\\/\",\"logo\":{\"@type\":\"ImageObject\",\"inLanguage\":\"es\",\"@id\":\"https:\\\/\\\/ajuda.brx.bet.br\\\/#\\\/schema\\\/logo\\\/image\\\/\",\"url\":\"https:\\\/\\\/ajuda.brx.bet.br\\\/wp-content\\\/uploads\\\/2024\\\/04\\\/logo-bet7k.svg\",\"contentUrl\":\"https:\\\/\\\/ajuda.brx.bet.br\\\/wp-content\\\/uploads\\\/2024\\\/04\\\/logo-bet7k.svg\",\"width\":988,\"height\":180,\"caption\":\"Central de ajuda - BrxBet\"},\"image\":{\"@id\":\"https:\\\/\\\/ajuda.brx.bet.br\\\/#\\\/schema\\\/logo\\\/image\\\/\"}}]}<\/script>\n<!-- \/ Yoast SEO plugin. -->","yoast_head_json":{"title":"Cuenta de jugador - Central de ajuda - BrxBet","robots":{"index":"index","follow":"follow","max-snippet":"max-snippet:-1","max-image-preview":"max-image-preview:large","max-video-preview":"max-video-preview:-1"},"canonical":"https:\/\/ajuda.brx.bet.br\/es\/cuenta-de-jugador\/","og_locale":"es_ES","og_type":"article","og_title":"Cuenta de jugador - Central de ajuda - BrxBet","og_description":"Cuenta del jugador Registro, Activaci\u00f3n de la cuenta, Problemas para iniciar sesi\u00f3n, Detalles de la cuenta Registro Problemas para iniciar sesi\u00f3n","og_url":"https:\/\/ajuda.brx.bet.br\/es\/cuenta-de-jugador\/","og_site_name":"Central de ajuda - BrxBet","article_modified_time":"2024-04-14T23:15:22+00:00","twitter_card":"summary_large_image","twitter_misc":{"Tiempo de lectura":"1 minuto"},"schema":{"@context":"https:\/\/schema.org","@graph":[{"@type":"WebPage","@id":"https:\/\/ajuda.brx.bet.br\/es\/cuenta-de-jugador\/","url":"https:\/\/ajuda.brx.bet.br\/es\/cuenta-de-jugador\/","name":"Cuenta de jugador - Central de ajuda - BrxBet","isPartOf":{"@id":"https:\/\/ajuda.brx.bet.br\/#website"},"datePublished":"2023-04-27T23:11:01+00:00","dateModified":"2024-04-14T23:15:22+00:00","breadcrumb":{"@id":"https:\/\/ajuda.brx.bet.br\/es\/cuenta-de-jugador\/#breadcrumb"},"inLanguage":"es","potentialAction":[{"@type":"ReadAction","target":["https:\/\/ajuda.brx.bet.br\/es\/cuenta-de-jugador\/"]}]},{"@type":"BreadcrumbList","@id":"https:\/\/ajuda.brx.bet.br\/es\/cuenta-de-jugador\/#breadcrumb","itemListElement":[{"@type":"ListItem","position":1,"name":"Central de ajuda","item":"https:\/\/ajuda.brx.bet.br\/es\/"},{"@type":"ListItem","position":2,"name":"Cuenta de jugador"}]},{"@type":"WebSite","@id":"https:\/\/ajuda.brx.bet.br\/#website","url":"https:\/\/ajuda.brx.bet.br\/","name":"Central de ajuda - BrxBet","description":"Central de ajuda da plataforma BrxBet","publisher":{"@id":"https:\/\/ajuda.brx.bet.br\/#organization"},"potentialAction":[{"@type":"SearchAction","target":{"@type":"EntryPoint","urlTemplate":"https:\/\/ajuda.brx.bet.br\/?s={search_term_string}"},"query-input":{"@type":"PropertyValueSpecification","valueRequired":true,"valueName":"search_term_string"}}],"inLanguage":"es"},{"@type":"Organization","@id":"https:\/\/ajuda.brx.bet.br\/#organization","name":"Central de ajuda - BrxBet","url":"https:\/\/ajuda.brx.bet.br\/","logo":{"@type":"ImageObject","inLanguage":"es","@id":"https:\/\/ajuda.brx.bet.br\/#\/schema\/logo\/image\/","url":"https:\/\/ajuda.brx.bet.br\/wp-content\/uploads\/2024\/04\/logo-bet7k.svg","contentUrl":"https:\/\/ajuda.brx.bet.br\/wp-content\/uploads\/2024\/04\/logo-bet7k.svg","width":988,"height":180,"caption":"Central de ajuda - BrxBet"},"image":{"@id":"https:\/\/ajuda.brx.bet.br\/#\/schema\/logo\/image\/"}}]}},"jetpack_shortlink":"https:\/\/wp.me\/Pggz9d-1wH","_links":{"self":[{"href":"https:\/\/ajuda.brx.bet.br\/es\/wp-json\/wp\/v2\/pages\/5871","targetHints":{"allow":["GET"]}}],"collection":[{"href":"https:\/\/ajuda.brx.bet.br\/es\/wp-json\/wp\/v2\/pages"}],"about":[{"href":"https:\/\/ajuda.brx.bet.br\/es\/wp-json\/wp\/v2\/types\/page"}],"author":[{"embeddable":true,"href":"https:\/\/ajuda.brx.bet.br\/es\/wp-json\/wp\/v2\/users\/2"}],"replies":[{"embeddable":true,"href":"https:\/\/ajuda.brx.bet.br\/es\/wp-json\/wp\/v2\/comments?post=5871"}],"version-history":[{"count":0,"href":"https:\/\/ajuda.brx.bet.br\/es\/wp-json\/wp\/v2\/pages\/5871\/revisions"}],"wp:attachment":[{"href":"https:\/\/ajuda.brx.bet.br\/es\/wp-json\/wp\/v2\/media?parent=5871"}],"curies":[{"name":"wp","href":"https:\/\/api.w.org\/{rel}","templated":true}]}}