{"id":5868,"date":"2023-04-27T19:02:42","date_gmt":"2023-04-27T22:02:42","guid":{"rendered":"https:\/\/ajuda.brx.bet.br\/pagina-transacoes\/"},"modified":"2024-04-14T20:03:02","modified_gmt":"2024-04-14T23:03:02","slug":"pagina-de-transacciones","status":"publish","type":"page","link":"https:\/\/ajuda.brx.bet.br\/es\/pagina-de-transacciones\/","title":{"rendered":"Pagina de transacciones"},"content":{"rendered":"\t\t<div data-elementor-type=\"wp-page\" data-elementor-id=\"5868\" class=\"elementor elementor-5868\" data-elementor-post-type=\"page\">\n\t\t\t\t<div class=\"elementor-element elementor-element-cfa7ca7 e-flex e-con-boxed e-con e-parent\" data-id=\"cfa7ca7\" data-element_type=\"container\" data-e-type=\"container\" data-settings=\"{&quot;background_background&quot;:&quot;classic&quot;}\">\n\t\t\t\t\t<div class=\"e-con-inner\">\n\t\t\t\t<div class=\"elementor-element elementor-element-cf3ae6b elementor-widget elementor-widget-breadcrumbs\" data-id=\"cf3ae6b\" data-element_type=\"widget\" data-e-type=\"widget\" data-widget_type=\"breadcrumbs.default\">\n\t\t\t\t<div class=\"elementor-widget-container\">\n\t\t\t\t\t<p id=\"breadcrumbs\"><span><span><a href=\"https:\/\/ajuda.brx.bet.br\/es\/\">Central de ajuda<\/a><\/span><\/span><\/p>\t\t\t\t<\/div>\n\t\t\t\t<\/div>\n\t\t\t\t\t<\/div>\n\t\t\t\t<\/div>\n\t\t<div class=\"elementor-element elementor-element-1f2b4ca e-flex e-con-boxed e-con e-parent\" data-id=\"1f2b4ca\" data-element_type=\"container\" data-e-type=\"container\" data-settings=\"{&quot;background_background&quot;:&quot;classic&quot;}\">\n\t\t\t\t\t<div class=\"e-con-inner\">\n\t\t\t\t<div class=\"elementor-element elementor-element-0c3d376 elementor-widget elementor-widget-heading\" data-id=\"0c3d376\" data-element_type=\"widget\" data-e-type=\"widget\" data-widget_type=\"heading.default\">\n\t\t\t\t<div class=\"elementor-widget-container\">\n\t\t\t\t\t<h2 class=\"elementor-heading-title elementor-size-default\">Transacciones<\/h2>\t\t\t\t<\/div>\n\t\t\t\t<\/div>\n\t\t\t\t<div class=\"elementor-element elementor-element-212f6f9 elementor-widget elementor-widget-text-editor\" data-id=\"212f6f9\" data-element_type=\"widget\" data-e-type=\"widget\" data-widget_type=\"text-editor.default\">\n\t\t\t\t<div class=\"elementor-widget-container\">\n\t\t\t\t\t\t\t\t\t<div class=\"flex-1 overflow-hidden\"><div class=\"react-scroll-to-bottom--css-isyet-79elbk h-full\"><div class=\"react-scroll-to-bottom--css-isyet-1n7m0yu\"><div class=\"flex flex-col text-sm pb-9\"><div class=\"w-full text-token-text-primary\" data-testid=\"conversation-turn-45\"><div class=\"px-4 py-2 justify-center text-base md:gap-6 m-auto\"><div class=\"flex flex-1 text-base mx-auto gap-3 md:px-5 lg:px-1 xl:px-5 md:max-w-3xl lg:max-w-[40rem] xl:max-w-[48rem] group final-completion\"><div class=\"relative flex w-full flex-col agent-turn\"><div class=\"flex-col gap-1 md:gap-3\"><div class=\"flex flex-grow flex-col max-w-full\"><div class=\"min-h-[20px] text-message flex flex-col items-start gap-3 whitespace-pre-wrap break-words [.text-message+&amp;]:mt-5 overflow-x-auto\" data-message-author-role=\"assistant\" data-message-id=\"a3304246-06e5-46ce-a8ef-0000698fd97d\"><div class=\"markdown prose w-full break-words dark:prose-invert dark\"><p>Dep\u00f3sitos, Retiros, M\u00e9todos y pol\u00edticas de pago, Impuestos y tarifas.<\/p><\/div><\/div><\/div><\/div><\/div><\/div><\/div><\/div><\/div><\/div><\/div><\/div>\t\t\t\t\t\t\t\t<\/div>\n\t\t\t\t<\/div>\n\t\t\t\t\t<\/div>\n\t\t\t\t<\/div>\n\t\t<div class=\"elementor-element elementor-element-ee816a6 e-flex e-con-boxed e-con e-parent\" data-id=\"ee816a6\" data-element_type=\"container\" data-e-type=\"container\" data-settings=\"{&quot;background_background&quot;:&quot;classic&quot;}\">\n\t\t\t\t\t<div class=\"e-con-inner\">\n\t\t<div class=\"elementor-element elementor-element-cfa3932 e-con-full e-flex e-con e-child\" data-id=\"cfa3932\" data-element_type=\"container\" data-e-type=\"container\" data-settings=\"{&quot;background_background&quot;:&quot;classic&quot;}\">\n\t\t\t\t<div class=\"elementor-element elementor-element-162e93f elementor-widget elementor-widget-heading\" data-id=\"162e93f\" data-element_type=\"widget\" data-e-type=\"widget\" data-widget_type=\"heading.default\">\n\t\t\t\t<div class=\"elementor-widget-container\">\n\t\t\t\t\t<h2 class=\"elementor-heading-title elementor-size-default\">Informaci\u00f3n general<\/h2>\t\t\t\t<\/div>\n\t\t\t\t<\/div>\n\t\t\t\t<\/div>\n\t\t<div class=\"elementor-element elementor-element-03f64aa e-con-full e-flex e-con e-child\" data-id=\"03f64aa\" data-element_type=\"container\" data-e-type=\"container\" data-settings=\"{&quot;background_background&quot;:&quot;classic&quot;}\">\n\t\t\t\t<div class=\"elementor-element elementor-element-582db74 elementor-widget elementor-widget-heading\" data-id=\"582db74\" data-element_type=\"widget\" data-e-type=\"widget\" data-widget_type=\"heading.default\">\n\t\t\t\t<div class=\"elementor-widget-container\">\n\t\t\t\t\t<h2 class=\"elementor-heading-title elementor-size-default\">Retiros<\/h2>\t\t\t\t<\/div>\n\t\t\t\t<\/div>\n\t\t\t\t<\/div>\n\t\t<div class=\"elementor-element elementor-element-9642827 e-con-full e-flex e-con e-child\" data-id=\"9642827\" data-element_type=\"container\" data-e-type=\"container\" data-settings=\"{&quot;background_background&quot;:&quot;classic&quot;}\">\n\t\t\t\t<div class=\"elementor-element elementor-element-a64a4ae elementor-widget elementor-widget-heading\" data-id=\"a64a4ae\" data-element_type=\"widget\" data-e-type=\"widget\" data-widget_type=\"heading.default\">\n\t\t\t\t<div class=\"elementor-widget-container\">\n\t\t\t\t\t<h2 class=\"elementor-heading-title elementor-size-default\">Dep\u00f3sitos<\/h2>\t\t\t\t<\/div>\n\t\t\t\t<\/div>\n\t\t\t\t<\/div>\n\t\t\t\t\t<\/div>\n\t\t\t\t<\/div>\n\t\t\t\t<\/div>\n\t\t","protected":false},"excerpt":{"rendered":"<p>Transacciones Dep\u00f3sitos, Retiros, M\u00e9todos y pol\u00edticas de pago, Impuestos y tarifas. Informaci\u00f3n general Retiros Dep\u00f3sitos<\/p>\n","protected":false},"author":2,"featured_media":0,"parent":0,"menu_order":0,"comment_status":"closed","ping_status":"closed","template":"","meta":{"inline_featured_image":false,"footnotes":""},"class_list":["post-5868","page","type-page","status-publish","hentry"],"yoast_head":"<!-- This site is optimized with the Yoast SEO plugin v27.4 - https:\/\/yoast.com\/product\/yoast-seo-wordpress\/ -->\n<title>Pagina de transacciones - Central de ajuda - BrxBet<\/title>\n<meta name=\"robots\" content=\"index, follow, max-snippet:-1, max-image-preview:large, max-video-preview:-1\" \/>\n<link rel=\"canonical\" href=\"https:\/\/ajuda.brx.bet.br\/es\/pagina-de-transacciones\/\" \/>\n<meta property=\"og:locale\" content=\"es_ES\" \/>\n<meta property=\"og:type\" content=\"article\" \/>\n<meta property=\"og:title\" content=\"Pagina de transacciones - Central de ajuda - BrxBet\" \/>\n<meta property=\"og:description\" content=\"Transacciones Dep\u00f3sitos, Retiros, M\u00e9todos y pol\u00edticas de pago, Impuestos y tarifas. Informaci\u00f3n general Retiros Dep\u00f3sitos\" \/>\n<meta property=\"og:url\" content=\"https:\/\/ajuda.brx.bet.br\/es\/pagina-de-transacciones\/\" \/>\n<meta property=\"og:site_name\" content=\"Central de ajuda - BrxBet\" \/>\n<meta property=\"article:modified_time\" content=\"2024-04-14T23:03:02+00:00\" \/>\n<meta name=\"twitter:card\" content=\"summary_large_image\" \/>\n<meta name=\"twitter:label1\" content=\"Tiempo de lectura\" \/>\n\t<meta name=\"twitter:data1\" content=\"1 minuto\" \/>\n<script type=\"application\/ld+json\" class=\"yoast-schema-graph\">{\"@context\":\"https:\\\/\\\/schema.org\",\"@graph\":[{\"@type\":\"WebPage\",\"@id\":\"https:\\\/\\\/ajuda.brx.bet.br\\\/es\\\/pagina-de-transacciones\\\/\",\"url\":\"https:\\\/\\\/ajuda.brx.bet.br\\\/es\\\/pagina-de-transacciones\\\/\",\"name\":\"Pagina de transacciones - Central de ajuda - BrxBet\",\"isPartOf\":{\"@id\":\"https:\\\/\\\/ajuda.brx.bet.br\\\/#website\"},\"datePublished\":\"2023-04-27T22:02:42+00:00\",\"dateModified\":\"2024-04-14T23:03:02+00:00\",\"breadcrumb\":{\"@id\":\"https:\\\/\\\/ajuda.brx.bet.br\\\/es\\\/pagina-de-transacciones\\\/#breadcrumb\"},\"inLanguage\":\"es\",\"potentialAction\":[{\"@type\":\"ReadAction\",\"target\":[\"https:\\\/\\\/ajuda.brx.bet.br\\\/es\\\/pagina-de-transacciones\\\/\"]}]},{\"@type\":\"BreadcrumbList\",\"@id\":\"https:\\\/\\\/ajuda.brx.bet.br\\\/es\\\/pagina-de-transacciones\\\/#breadcrumb\",\"itemListElement\":[{\"@type\":\"ListItem\",\"position\":1,\"name\":\"Central de ajuda\",\"item\":\"https:\\\/\\\/ajuda.brx.bet.br\\\/es\\\/\"},{\"@type\":\"ListItem\",\"position\":2,\"name\":\"Pagina de transacciones\"}]},{\"@type\":\"WebSite\",\"@id\":\"https:\\\/\\\/ajuda.brx.bet.br\\\/#website\",\"url\":\"https:\\\/\\\/ajuda.brx.bet.br\\\/\",\"name\":\"Central de ajuda - BrxBet\",\"description\":\"Central de ajuda da plataforma BrxBet\",\"publisher\":{\"@id\":\"https:\\\/\\\/ajuda.brx.bet.br\\\/#organization\"},\"potentialAction\":[{\"@type\":\"SearchAction\",\"target\":{\"@type\":\"EntryPoint\",\"urlTemplate\":\"https:\\\/\\\/ajuda.brx.bet.br\\\/?s={search_term_string}\"},\"query-input\":{\"@type\":\"PropertyValueSpecification\",\"valueRequired\":true,\"valueName\":\"search_term_string\"}}],\"inLanguage\":\"es\"},{\"@type\":\"Organization\",\"@id\":\"https:\\\/\\\/ajuda.brx.bet.br\\\/#organization\",\"name\":\"Central de ajuda - BrxBet\",\"url\":\"https:\\\/\\\/ajuda.brx.bet.br\\\/\",\"logo\":{\"@type\":\"ImageObject\",\"inLanguage\":\"es\",\"@id\":\"https:\\\/\\\/ajuda.brx.bet.br\\\/#\\\/schema\\\/logo\\\/image\\\/\",\"url\":\"https:\\\/\\\/ajuda.brx.bet.br\\\/wp-content\\\/uploads\\\/2024\\\/04\\\/logo-bet7k.svg\",\"contentUrl\":\"https:\\\/\\\/ajuda.brx.bet.br\\\/wp-content\\\/uploads\\\/2024\\\/04\\\/logo-bet7k.svg\",\"width\":988,\"height\":180,\"caption\":\"Central de ajuda - BrxBet\"},\"image\":{\"@id\":\"https:\\\/\\\/ajuda.brx.bet.br\\\/#\\\/schema\\\/logo\\\/image\\\/\"}}]}<\/script>\n<!-- \/ Yoast SEO plugin. -->","yoast_head_json":{"title":"Pagina de transacciones - Central de ajuda - BrxBet","robots":{"index":"index","follow":"follow","max-snippet":"max-snippet:-1","max-image-preview":"max-image-preview:large","max-video-preview":"max-video-preview:-1"},"canonical":"https:\/\/ajuda.brx.bet.br\/es\/pagina-de-transacciones\/","og_locale":"es_ES","og_type":"article","og_title":"Pagina de transacciones - Central de ajuda - BrxBet","og_description":"Transacciones Dep\u00f3sitos, Retiros, M\u00e9todos y pol\u00edticas de pago, Impuestos y tarifas. Informaci\u00f3n general Retiros Dep\u00f3sitos","og_url":"https:\/\/ajuda.brx.bet.br\/es\/pagina-de-transacciones\/","og_site_name":"Central de ajuda - BrxBet","article_modified_time":"2024-04-14T23:03:02+00:00","twitter_card":"summary_large_image","twitter_misc":{"Tiempo de lectura":"1 minuto"},"schema":{"@context":"https:\/\/schema.org","@graph":[{"@type":"WebPage","@id":"https:\/\/ajuda.brx.bet.br\/es\/pagina-de-transacciones\/","url":"https:\/\/ajuda.brx.bet.br\/es\/pagina-de-transacciones\/","name":"Pagina de transacciones - Central de ajuda - BrxBet","isPartOf":{"@id":"https:\/\/ajuda.brx.bet.br\/#website"},"datePublished":"2023-04-27T22:02:42+00:00","dateModified":"2024-04-14T23:03:02+00:00","breadcrumb":{"@id":"https:\/\/ajuda.brx.bet.br\/es\/pagina-de-transacciones\/#breadcrumb"},"inLanguage":"es","potentialAction":[{"@type":"ReadAction","target":["https:\/\/ajuda.brx.bet.br\/es\/pagina-de-transacciones\/"]}]},{"@type":"BreadcrumbList","@id":"https:\/\/ajuda.brx.bet.br\/es\/pagina-de-transacciones\/#breadcrumb","itemListElement":[{"@type":"ListItem","position":1,"name":"Central de ajuda","item":"https:\/\/ajuda.brx.bet.br\/es\/"},{"@type":"ListItem","position":2,"name":"Pagina de transacciones"}]},{"@type":"WebSite","@id":"https:\/\/ajuda.brx.bet.br\/#website","url":"https:\/\/ajuda.brx.bet.br\/","name":"Central de ajuda - BrxBet","description":"Central de ajuda da plataforma BrxBet","publisher":{"@id":"https:\/\/ajuda.brx.bet.br\/#organization"},"potentialAction":[{"@type":"SearchAction","target":{"@type":"EntryPoint","urlTemplate":"https:\/\/ajuda.brx.bet.br\/?s={search_term_string}"},"query-input":{"@type":"PropertyValueSpecification","valueRequired":true,"valueName":"search_term_string"}}],"inLanguage":"es"},{"@type":"Organization","@id":"https:\/\/ajuda.brx.bet.br\/#organization","name":"Central de ajuda - BrxBet","url":"https:\/\/ajuda.brx.bet.br\/","logo":{"@type":"ImageObject","inLanguage":"es","@id":"https:\/\/ajuda.brx.bet.br\/#\/schema\/logo\/image\/","url":"https:\/\/ajuda.brx.bet.br\/wp-content\/uploads\/2024\/04\/logo-bet7k.svg","contentUrl":"https:\/\/ajuda.brx.bet.br\/wp-content\/uploads\/2024\/04\/logo-bet7k.svg","width":988,"height":180,"caption":"Central de ajuda - BrxBet"},"image":{"@id":"https:\/\/ajuda.brx.bet.br\/#\/schema\/logo\/image\/"}}]}},"jetpack_shortlink":"https:\/\/wp.me\/Pggz9d-1wE","_links":{"self":[{"href":"https:\/\/ajuda.brx.bet.br\/es\/wp-json\/wp\/v2\/pages\/5868","targetHints":{"allow":["GET"]}}],"collection":[{"href":"https:\/\/ajuda.brx.bet.br\/es\/wp-json\/wp\/v2\/pages"}],"about":[{"href":"https:\/\/ajuda.brx.bet.br\/es\/wp-json\/wp\/v2\/types\/page"}],"author":[{"embeddable":true,"href":"https:\/\/ajuda.brx.bet.br\/es\/wp-json\/wp\/v2\/users\/2"}],"replies":[{"embeddable":true,"href":"https:\/\/ajuda.brx.bet.br\/es\/wp-json\/wp\/v2\/comments?post=5868"}],"version-history":[{"count":0,"href":"https:\/\/ajuda.brx.bet.br\/es\/wp-json\/wp\/v2\/pages\/5868\/revisions"}],"wp:attachment":[{"href":"https:\/\/ajuda.brx.bet.br\/es\/wp-json\/wp\/v2\/media?parent=5868"}],"curies":[{"name":"wp","href":"https:\/\/api.w.org\/{rel}","templated":true}]}}